{"id":10286,"date":"2024-08-12T16:05:57","date_gmt":"2024-08-12T19:05:57","guid":{"rendered":"https:\/\/mannatech.com.br\/sistemaautopecas\/?page_id=10286"},"modified":"2024-08-13T09:50:24","modified_gmt":"2024-08-13T12:50:24","slug":"downloads","status":"publish","type":"page","link":"https:\/\/mannatech.com.br\/index.php\/downloads\/","title":{"rendered":"Downloads"},"content":{"rendered":"\t\t<div data-elementor-type=\"wp-page\" data-elementor-id=\"10286\" class=\"elementor elementor-10286\">\n\t\t\t\t\t\t<section class=\"elementor-section elementor-top-section elementor-element elementor-element-be5a8d7 elementor-section-boxed elementor-section-height-default elementor-section-height-default wd-section-disabled\" data-id=\"be5a8d7\" data-element_type=\"section\">\n\t\t\t\t\t\t<div class=\"elementor-container elementor-column-gap-default\">\n\t\t\t\t\t<div class=\"elementor-column elementor-col-100 elementor-top-column elementor-element elementor-element-d82dd42\" data-id=\"d82dd42\" data-element_type=\"column\">\n\t\t\t<div class=\"elementor-widget-wrap\">\n\t\t\t\t\t\t\t<\/div>\n\t\t<\/div>\n\t\t\t\t\t<\/div>\n\t\t<\/section>\n\t\t\t\t<section class=\"elementor-section elementor-top-section elementor-element elementor-element-5e4d0d80 elementor-section-boxed elementor-section-height-default elementor-section-height-default wd-section-disabled\" data-id=\"5e4d0d80\" data-element_type=\"section\">\n\t\t\t\t\t\t<div class=\"elementor-container elementor-column-gap-default\">\n\t\t\t\t\t<div class=\"elementor-column elementor-col-100 elementor-top-column elementor-element elementor-element-f647ecc\" data-id=\"f647ecc\" data-element_type=\"column\">\n\t\t\t<div class=\"elementor-widget-wrap elementor-element-populated\">\n\t\t\t\t\t\t<div class=\"elementor-element elementor-element-2ad0488d elementor-widget elementor-widget-wd_title\" data-id=\"2ad0488d\" data-element_type=\"widget\" data-widget_type=\"wd_title.default\">\n\t\t\t\t<div class=\"elementor-widget-container\">\n\t\t\t\t\t\t\t<div class=\"title-wrapper set-mb-s reset-last-child wd-title-color-primary wd-title-style-default wd-title-size-medium text-center\">\n\n\t\t\t\t\t\t\t<div class=\"title-subtitle subtitle-color-primary subtitle-style-default wd-fontsize-xs\">\n\t\t\t\t\t<b>Downloads<\/b>\t\t\t\t<\/div>\n\t\t\t\n\t\t\t<div class=\"liner-continer\">\n\t\t\t\t<h4 class=\"woodmart-title-container title wd-fontsize-xl\">Arquivos para Download<\/h4> \n\t\t\t\t\t\t\t<\/div>\n\n\t\t\t\t\t\t\t<div class=\"title-after_title set-cont-mb-s reset-last-child wd-fontsize-s\">\n\t\t\t\t\tSe\u00e7\u00e3o destinada a download de ferramentas extras.\t\t\t\t<\/div>\n\t\t\t\t\t<\/div>\n\t\t\t\t\t\t<\/div>\n\t\t\t\t<\/div>\n\t\t\t\t\t<\/div>\n\t\t<\/div>\n\t\t\t\t\t<\/div>\n\t\t<\/section>\n\t\t\t\t<section class=\"elementor-section elementor-top-section elementor-element elementor-element-19d5bc4c elementor-section-content-top elementor-section-boxed elementor-section-height-default elementor-section-height-default wd-section-disabled\" data-id=\"19d5bc4c\" data-element_type=\"section\">\n\t\t\t\t\t\t<div class=\"elementor-container elementor-column-gap-extended\">\n\t\t\t\t\t<div class=\"elementor-column elementor-col-25 elementor-top-column elementor-element elementor-element-33e10eb2\" data-id=\"33e10eb2\" data-element_type=\"column\">\n\t\t\t<div class=\"elementor-widget-wrap elementor-element-populated\">\n\t\t\t\t\t\t<div class=\"elementor-element elementor-element-6682bcd elementor-widget elementor-widget-wd_infobox\" data-id=\"6682bcd\" data-element_type=\"widget\" data-widget_type=\"wd_infobox.default\">\n\t\t\t\t<div class=\"elementor-widget-container\">\n\t\t\t\t\t\t\t<div class=\"info-box-wrapper\">\n\t\t\t<div class=\"wd-info-box text-center box-icon-align-top box-style-border color-scheme- with-btn box-btn-static\" onclick=\"window.open('https:\/\/download.anydesk.com\/AnyDesk.exe?_ga=2.90718227.868457241.1626124513-1846858887.1624283364','_blank')\">\n\t\t\t\t\t\t\t\t\t<div class=\"box-icon-wrapper  box-with-icon box-icon-with-bg\">\n\t\t\t\t\t\t<div class=\"info-box-icon\">\n\t\t\t\t\t\t\t\t\t\t\t\t\t\t\t<img decoding=\"async\" src=\"https:\/\/mannatech.com.br\/wp-content\/uploads\/elementor\/thumbs\/anydesk-qsiizx1k6sszmpl7a4vnje0dkcomw2r6r5qir0oqqg.png\" title=\"anydesk\" alt=\"anydesk\" loading=\"lazy\" \/>\t\t\t\t\t\t\t\t\t\t\t\t\t<\/div>\n\t\t\t\t\t<\/div>\n\t\t\t\t\n\t\t\t\t<div class=\"info-box-content\">\n\t\t\t\t\t\n\t\t\t\t\t\t\t\t\t\t\t<h4\t\t\t\t\t\tclass=\"info-box-title title box-title-style-default wd-fontsize-m\" data-elementor-setting-key=\"title\">\n\t\t\t\t\t\t\t\tANYDESK\t\t\t\t\t\t<\/h4>\n\t\t\t\t\t\n\t\t\t\t\t<div class=\"info-box-inner set-cont-mb-s reset-last-child\"\n\t\t\t\t\t\t data-elementor-setting-key=\"content\">\n\t\t\t\t\t\t<p>AnyDesk \u00e9 um programa de software propriet\u00e1rio fornece acesso remoto.<br \/>_<\/p>\n\t\t\t\t\t<\/div>\n\t\n\t\t\t\t\t\t\t\t\t\t\t<div class=\"info-btn-wrapper\">\n\t\t\t\t\t\t\t\t\t<div class=\"wd-button-wrapper text-center\" >\n\t\t\t<a class=\"btn btn-style-default btn-style-rectangle btn-size-small btn-color-primary btn-icon-pos-right\"  href=\"https:\/\/download.anydesk.com\/AnyDesk.exe?_ga=2.90718227.868457241.1626124513-1846858887.1624283364\" target=\"_blank\">\n\t\t\t\t<span class=\"wd-btn-text\" data-elementor-setting-key=\"text\">\n\t\t\t\t\tDOWNLOAD\t\t\t\t<\/span>\n\n\t\t\t\t\t\t\t<\/a>\n\t\t<\/div>\n\t\t\t\t\t\t\t\t<\/div>\n\t\t\t\t\t\t\t\t\t<\/div>\n\t\t\t<\/div>\n\t\t<\/div>\n\t\t\t\t\t\t<\/div>\n\t\t\t\t<\/div>\n\t\t\t\t\t<\/div>\n\t\t<\/div>\n\t\t\t\t<div class=\"elementor-column elementor-col-25 elementor-top-column elementor-element elementor-element-595af258\" data-id=\"595af258\" data-element_type=\"column\">\n\t\t\t<div class=\"elementor-widget-wrap elementor-element-populated\">\n\t\t\t\t\t\t<div class=\"elementor-element elementor-element-fd56385 elementor-widget elementor-widget-wd_infobox\" data-id=\"fd56385\" data-element_type=\"widget\" data-widget_type=\"wd_infobox.default\">\n\t\t\t\t<div class=\"elementor-widget-container\">\n\t\t\t\t\t\t\t<div class=\"info-box-wrapper\">\n\t\t\t<div class=\"wd-info-box text-center box-icon-align-top box-style-border color-scheme- with-btn box-btn-static\" onclick=\"window.open('https:\/\/download.teamviewer.com\/download\/TeamViewerQS.exe','_blank')\">\n\t\t\t\t\t\t\t\t\t<div class=\"box-icon-wrapper  box-with-icon box-icon-with-bg\">\n\t\t\t\t\t\t<div class=\"info-box-icon\">\n\t\t\t\t\t\t\t\t\t\t\t\t\t\t\t<img decoding=\"async\" src=\"https:\/\/mannatech.com.br\/wp-content\/uploads\/elementor\/thumbs\/teamvieer-qsij9f6tahtd0rs7s8ruqzo5slu8pwhhe779fqlftk.png\" title=\"teamvieer\" alt=\"teamvieer\" loading=\"lazy\" \/>\t\t\t\t\t\t\t\t\t\t\t\t\t<\/div>\n\t\t\t\t\t<\/div>\n\t\t\t\t\n\t\t\t\t<div class=\"info-box-content\">\n\t\t\t\t\t\n\t\t\t\t\t\t\t\t\t\t\t<h4\t\t\t\t\t\tclass=\"info-box-title title box-title-style-default wd-fontsize-m\" data-elementor-setting-key=\"title\">\n\t\t\t\t\t\t\t\tTEAMVIWER\t\t\t\t\t\t<\/h4>\n\t\t\t\t\t\n\t\t\t\t\t<div class=\"info-box-inner set-cont-mb-s reset-last-child\"\n\t\t\t\t\t\t data-elementor-setting-key=\"content\">\n\t\t\t\t\t\t<p>\u00c9 um programa de software propriet\u00e1rio fornece acesso remoto.<br \/>_<\/p>\n\t\t\t\t\t<\/div>\n\t\n\t\t\t\t\t\t\t\t\t\t\t<div class=\"info-btn-wrapper\">\n\t\t\t\t\t\t\t\t\t<div class=\"wd-button-wrapper text-center\" >\n\t\t\t<a class=\"btn btn-style-default btn-style-rectangle btn-size-small btn-color-primary btn-icon-pos-right\"  href=\"https:\/\/download.teamviewer.com\/download\/TeamViewerQS.exe\" target=\"_blank\">\n\t\t\t\t<span class=\"wd-btn-text\" data-elementor-setting-key=\"text\">\n\t\t\t\t\tDOWNLOAD\t\t\t\t<\/span>\n\n\t\t\t\t\t\t\t<\/a>\n\t\t<\/div>\n\t\t\t\t\t\t\t\t<\/div>\n\t\t\t\t\t\t\t\t\t<\/div>\n\t\t\t<\/div>\n\t\t<\/div>\n\t\t\t\t\t\t<\/div>\n\t\t\t\t<\/div>\n\t\t\t\t\t<\/div>\n\t\t<\/div>\n\t\t\t\t<div class=\"elementor-column elementor-col-25 elementor-top-column elementor-element elementor-element-3f8d913a\" data-id=\"3f8d913a\" data-element_type=\"column\">\n\t\t\t<div class=\"elementor-widget-wrap elementor-element-populated\">\n\t\t\t\t\t\t<div class=\"elementor-element elementor-element-48a97646 elementor-widget elementor-widget-wd_infobox\" data-id=\"48a97646\" data-element_type=\"widget\" data-widget_type=\"wd_infobox.default\">\n\t\t\t\t<div class=\"elementor-widget-container\">\n\t\t\t\t\t\t\t<div class=\"info-box-wrapper\">\n\t\t\t<div class=\"wd-info-box text-center box-icon-align-top box-style-border color-scheme- with-btn box-btn-static\" onclick=\"window.open('https:\/\/play.google.com\/store\/apps\/details?id=com.br.manna','_blank')\">\n\t\t\t\t\t\t\t\t\t<div class=\"box-icon-wrapper  box-with-icon box-icon-with-bg\">\n\t\t\t\t\t\t<div class=\"info-box-icon\">\n\t\t\t\t\t\t\t\t\t\t\t\t\t\t\t<img decoding=\"async\" src=\"https:\/\/mannatech.com.br\/wp-content\/uploads\/elementor\/thumbs\/appManna-qsi7gaqm9zuq1tas7hca19p1ox7xe2rvm17hkgxhzs.png\" title=\"appManna\" alt=\"appManna\" loading=\"lazy\" \/>\t\t\t\t\t\t\t\t\t\t\t\t\t<\/div>\n\t\t\t\t\t<\/div>\n\t\t\t\t\n\t\t\t\t<div class=\"info-box-content\">\n\t\t\t\t\t\n\t\t\t\t\t\t\t\t\t\t\t<h4\t\t\t\t\t\tclass=\"info-box-title title box-title-style-default wd-fontsize-m\" data-elementor-setting-key=\"title\">\n\t\t\t\t\t\t\t\tCOMANDA ELETR\u00d4NICA\t\t\t\t\t\t<\/h4>\n\t\t\t\t\t\n\t\t\t\t\t<div class=\"info-box-inner set-cont-mb-s reset-last-child\"\n\t\t\t\t\t\t data-elementor-setting-key=\"content\">\n\t\t\t\t\t\t<p>Aplicativo para o Gar\u00e7om lan\u00e7ar pedidos via smartphone.<\/p>\n\t\t\t\t\t<\/div>\n\t\n\t\t\t\t\t\t\t\t\t\t\t<div class=\"info-btn-wrapper\">\n\t\t\t\t\t\t\t\t\t<div class=\"wd-button-wrapper text-center\" >\n\t\t\t<a class=\"btn btn-style-default btn-style-rectangle btn-size-small btn-color-primary btn-icon-pos-right\"  href=\"https:\/\/play.google.com\/store\/apps\/details?id=com.br.manna\" target=\"_blank\">\n\t\t\t\t<span class=\"wd-btn-text\" data-elementor-setting-key=\"text\">\n\t\t\t\t\tDOWNLOAD\t\t\t\t<\/span>\n\n\t\t\t\t\t\t\t<\/a>\n\t\t<\/div>\n\t\t\t\t\t\t\t\t<\/div>\n\t\t\t\t\t\t\t\t\t<\/div>\n\t\t\t<\/div>\n\t\t<\/div>\n\t\t\t\t\t\t<\/div>\n\t\t\t\t<\/div>\n\t\t\t\t\t<\/div>\n\t\t<\/div>\n\t\t\t\t<div class=\"elementor-column elementor-col-25 elementor-top-column elementor-element elementor-element-3e02617a\" data-id=\"3e02617a\" data-element_type=\"column\">\n\t\t\t<div class=\"elementor-widget-wrap elementor-element-populated\">\n\t\t\t\t\t\t<div class=\"elementor-element elementor-element-17dfb1c0 elementor-widget elementor-widget-wd_infobox\" data-id=\"17dfb1c0\" data-element_type=\"widget\" data-widget_type=\"wd_infobox.default\">\n\t\t\t\t<div class=\"elementor-widget-container\">\n\t\t\t\t\t\t\t<div class=\"info-box-wrapper\">\n\t\t\t<div class=\"wd-info-box text-center box-icon-align-top box-style-border color-scheme- with-btn box-btn-static\" onclick=\"window.location.href='https:\/\/www.mannatech.com.br\/downloads\/BalancaTeste.rar'\">\n\t\t\t\t\t\t\t\t\t<div class=\"box-icon-wrapper  box-with-icon box-icon-with-bg\">\n\t\t\t\t\t\t<div class=\"info-box-icon\">\n\t\t\t\t\t\t\t\t\t\t\t\t\t\t\t<img decoding=\"async\" src=\"https:\/\/mannatech.com.br\/wp-content\/uploads\/elementor\/thumbs\/smart-home-product-10-qd5dpiiub0bc7vgtni26l5nquf34dp6p4hzqonfwig.jpg\" title=\"smart-home-product 10\" alt=\"smart-home-product 10\" loading=\"lazy\" \/>\t\t\t\t\t\t\t\t\t\t\t\t\t<\/div>\n\t\t\t\t\t<\/div>\n\t\t\t\t\n\t\t\t\t<div class=\"info-box-content\">\n\t\t\t\t\t\n\t\t\t\t\t\t\t\t\t\t\t<h4\t\t\t\t\t\tclass=\"info-box-title title box-title-style-default wd-fontsize-m\" data-elementor-setting-key=\"title\">\n\t\t\t\t\t\t\t\tBALAN\u00c7A TESTE\t\t\t\t\t\t<\/h4>\n\t\t\t\t\t\n\t\t\t\t\t<div class=\"info-box-inner set-cont-mb-s reset-last-child\"\n\t\t\t\t\t\t data-elementor-setting-key=\"content\">\n\t\t\t\t\t\t<p>Aplica\u00e7\u00e3o para realiza\u00e7\u00e3o de teste de comunica\u00e7\u00e3o do computador e a balan\u00e7a.<\/p>\n\t\t\t\t\t<\/div>\n\t\n\t\t\t\t\t\t\t\t\t\t\t<div class=\"info-btn-wrapper\">\n\t\t\t\t\t\t\t\t\t<div class=\"wd-button-wrapper text-center\" >\n\t\t\t<a class=\"btn btn-style-default btn-style-rectangle btn-size-small btn-color-primary btn-icon-pos-right\"  href=\"https:\/\/www.mannatech.com.br\/downloads\/BalancaTeste.rar\">\n\t\t\t\t<span class=\"wd-btn-text\" data-elementor-setting-key=\"text\">\n\t\t\t\t\tDOWNLOAD\t\t\t\t<\/span>\n\n\t\t\t\t\t\t\t<\/a>\n\t\t<\/div>\n\t\t\t\t\t\t\t\t<\/div>\n\t\t\t\t\t\t\t\t\t<\/div>\n\t\t\t<\/div>\n\t\t<\/div>\n\t\t\t\t\t\t<\/div>\n\t\t\t\t<\/div>\n\t\t\t\t\t<\/div>\n\t\t<\/div>\n\t\t\t\t\t<\/div>\n\t\t<\/section>\n\t\t\t\t<\/div>\n\t\t","protected":false},"excerpt":{"rendered":"<p>Downloads Arquivos para Download Se\u00e7\u00e3o destinada a download de ferramentas extras. ANYDESK AnyDesk \u00e9 um programa de software propriet\u00e1rio fornece<\/p>\n","protected":false},"author":1,"featured_media":0,"parent":0,"menu_order":0,"comment_status":"closed","ping_status":"closed","template":"elementor_header_footer","meta":{"footnotes":""},"class_list":["post-10286","page","type-page","status-publish","hentry"],"yoast_head":"<!-- This site is optimized with the Yoast SEO plugin v25.6 - https:\/\/yoast.com\/wordpress\/plugins\/seo\/ -->\n<title>Downloads - Mann\u00e1 Sistemas<\/title>\n<meta name=\"robots\" content=\"index, follow, max-snippet:-1, max-image-preview:large, max-video-preview:-1\" \/>\n<link rel=\"canonical\" href=\"https:\/\/mannatech.com.br\/index.php\/downloads\/\" \/>\n<meta property=\"og:locale\" content=\"pt_BR\" \/>\n<meta property=\"og:type\" content=\"article\" \/>\n<meta property=\"og:title\" content=\"Downloads - Mann\u00e1 Sistemas\" \/>\n<meta property=\"og:description\" content=\"Downloads Arquivos para Download Se\u00e7\u00e3o destinada a download de ferramentas extras. ANYDESK AnyDesk \u00e9 um programa de software propriet\u00e1rio fornece\" \/>\n<meta property=\"og:url\" content=\"https:\/\/mannatech.com.br\/index.php\/downloads\/\" \/>\n<meta property=\"og:site_name\" content=\"Mann\u00e1 Sistemas\" \/>\n<meta property=\"article:modified_time\" content=\"2024-08-13T12:50:24+00:00\" \/>\n<meta property=\"og:image\" content=\"https:\/\/mannatech.com.br\/wp-content\/uploads\/2024\/08\/anydesk.png\" \/>\n<meta name=\"twitter:card\" content=\"summary_large_image\" \/>\n<script type=\"application\/ld+json\" class=\"yoast-schema-graph\">{\"@context\":\"https:\/\/schema.org\",\"@graph\":[{\"@type\":\"WebPage\",\"@id\":\"https:\/\/mannatech.com.br\/index.php\/downloads\/\",\"url\":\"https:\/\/mannatech.com.br\/index.php\/downloads\/\",\"name\":\"Downloads - Mann\u00e1 Sistemas\",\"isPartOf\":{\"@id\":\"https:\/\/mannatech.com.br\/#website\"},\"primaryImageOfPage\":{\"@id\":\"https:\/\/mannatech.com.br\/index.php\/downloads\/#primaryimage\"},\"image\":{\"@id\":\"https:\/\/mannatech.com.br\/index.php\/downloads\/#primaryimage\"},\"thumbnailUrl\":\"https:\/\/mannatech.com.br\/wp-content\/uploads\/2024\/08\/anydesk.png\",\"datePublished\":\"2024-08-12T19:05:57+00:00\",\"dateModified\":\"2024-08-13T12:50:24+00:00\",\"breadcrumb\":{\"@id\":\"https:\/\/mannatech.com.br\/index.php\/downloads\/#breadcrumb\"},\"inLanguage\":\"pt-BR\",\"potentialAction\":[{\"@type\":\"ReadAction\",\"target\":[\"https:\/\/mannatech.com.br\/index.php\/downloads\/\"]}]},{\"@type\":\"ImageObject\",\"inLanguage\":\"pt-BR\",\"@id\":\"https:\/\/mannatech.com.br\/index.php\/downloads\/#primaryimage\",\"url\":\"https:\/\/mannatech.com.br\/wp-content\/uploads\/2024\/08\/anydesk.png\",\"contentUrl\":\"https:\/\/mannatech.com.br\/wp-content\/uploads\/2024\/08\/anydesk.png\",\"width\":60,\"height\":60},{\"@type\":\"BreadcrumbList\",\"@id\":\"https:\/\/mannatech.com.br\/index.php\/downloads\/#breadcrumb\",\"itemListElement\":[{\"@type\":\"ListItem\",\"position\":1,\"name\":\"In\u00edcio\",\"item\":\"https:\/\/mannatech.com.br\/\"},{\"@type\":\"ListItem\",\"position\":2,\"name\":\"Downloads\"}]},{\"@type\":\"WebSite\",\"@id\":\"https:\/\/mannatech.com.br\/#website\",\"url\":\"https:\/\/mannatech.com.br\/\",\"name\":\"Mann\u00e1 Sistemas\",\"description\":\"PDV Completo com controle de estoque e Emiss\u00f5es de Notas Fiscais\",\"publisher\":{\"@id\":\"https:\/\/mannatech.com.br\/#organization\"},\"potentialAction\":[{\"@type\":\"SearchAction\",\"target\":{\"@type\":\"EntryPoint\",\"urlTemplate\":\"https:\/\/mannatech.com.br\/?s={search_term_string}\"},\"query-input\":{\"@type\":\"PropertyValueSpecification\",\"valueRequired\":true,\"valueName\":\"search_term_string\"}}],\"inLanguage\":\"pt-BR\"},{\"@type\":\"Organization\",\"@id\":\"https:\/\/mannatech.com.br\/#organization\",\"name\":\"Mann\u00e1 Sistemas\",\"url\":\"https:\/\/mannatech.com.br\/\",\"logo\":{\"@type\":\"ImageObject\",\"inLanguage\":\"pt-BR\",\"@id\":\"https:\/\/mannatech.com.br\/#\/schema\/logo\/image\/\",\"url\":\"https:\/\/mannatech.com.br\/wp-content\/uploads\/2022\/03\/Logo-Manna-Automacao-Marca-Dagua-1.png\",\"contentUrl\":\"https:\/\/mannatech.com.br\/wp-content\/uploads\/2022\/03\/Logo-Manna-Automacao-Marca-Dagua-1.png\",\"width\":2451,\"height\":1418,\"caption\":\"Mann\u00e1 Sistemas\"},\"image\":{\"@id\":\"https:\/\/mannatech.com.br\/#\/schema\/logo\/image\/\"}}]}<\/script>\n<!-- \/ Yoast SEO plugin. -->","yoast_head_json":{"title":"Downloads - Mann\u00e1 Sistemas","robots":{"index":"index","follow":"follow","max-snippet":"max-snippet:-1","max-image-preview":"max-image-preview:large","max-video-preview":"max-video-preview:-1"},"canonical":"https:\/\/mannatech.com.br\/index.php\/downloads\/","og_locale":"pt_BR","og_type":"article","og_title":"Downloads - Mann\u00e1 Sistemas","og_description":"Downloads Arquivos para Download Se\u00e7\u00e3o destinada a download de ferramentas extras. ANYDESK AnyDesk \u00e9 um programa de software propriet\u00e1rio fornece","og_url":"https:\/\/mannatech.com.br\/index.php\/downloads\/","og_site_name":"Mann\u00e1 Sistemas","article_modified_time":"2024-08-13T12:50:24+00:00","og_image":[{"url":"https:\/\/mannatech.com.br\/wp-content\/uploads\/2024\/08\/anydesk.png","type":"","width":"","height":""}],"twitter_card":"summary_large_image","schema":{"@context":"https:\/\/schema.org","@graph":[{"@type":"WebPage","@id":"https:\/\/mannatech.com.br\/index.php\/downloads\/","url":"https:\/\/mannatech.com.br\/index.php\/downloads\/","name":"Downloads - Mann\u00e1 Sistemas","isPartOf":{"@id":"https:\/\/mannatech.com.br\/#website"},"primaryImageOfPage":{"@id":"https:\/\/mannatech.com.br\/index.php\/downloads\/#primaryimage"},"image":{"@id":"https:\/\/mannatech.com.br\/index.php\/downloads\/#primaryimage"},"thumbnailUrl":"https:\/\/mannatech.com.br\/wp-content\/uploads\/2024\/08\/anydesk.png","datePublished":"2024-08-12T19:05:57+00:00","dateModified":"2024-08-13T12:50:24+00:00","breadcrumb":{"@id":"https:\/\/mannatech.com.br\/index.php\/downloads\/#breadcrumb"},"inLanguage":"pt-BR","potentialAction":[{"@type":"ReadAction","target":["https:\/\/mannatech.com.br\/index.php\/downloads\/"]}]},{"@type":"ImageObject","inLanguage":"pt-BR","@id":"https:\/\/mannatech.com.br\/index.php\/downloads\/#primaryimage","url":"https:\/\/mannatech.com.br\/wp-content\/uploads\/2024\/08\/anydesk.png","contentUrl":"https:\/\/mannatech.com.br\/wp-content\/uploads\/2024\/08\/anydesk.png","width":60,"height":60},{"@type":"BreadcrumbList","@id":"https:\/\/mannatech.com.br\/index.php\/downloads\/#breadcrumb","itemListElement":[{"@type":"ListItem","position":1,"name":"In\u00edcio","item":"https:\/\/mannatech.com.br\/"},{"@type":"ListItem","position":2,"name":"Downloads"}]},{"@type":"WebSite","@id":"https:\/\/mannatech.com.br\/#website","url":"https:\/\/mannatech.com.br\/","name":"Mann\u00e1 Sistemas","description":"PDV Completo com controle de estoque e Emiss\u00f5es de Notas Fiscais","publisher":{"@id":"https:\/\/mannatech.com.br\/#organization"},"potentialAction":[{"@type":"SearchAction","target":{"@type":"EntryPoint","urlTemplate":"https:\/\/mannatech.com.br\/?s={search_term_string}"},"query-input":{"@type":"PropertyValueSpecification","valueRequired":true,"valueName":"search_term_string"}}],"inLanguage":"pt-BR"},{"@type":"Organization","@id":"https:\/\/mannatech.com.br\/#organization","name":"Mann\u00e1 Sistemas","url":"https:\/\/mannatech.com.br\/","logo":{"@type":"ImageObject","inLanguage":"pt-BR","@id":"https:\/\/mannatech.com.br\/#\/schema\/logo\/image\/","url":"https:\/\/mannatech.com.br\/wp-content\/uploads\/2022\/03\/Logo-Manna-Automacao-Marca-Dagua-1.png","contentUrl":"https:\/\/mannatech.com.br\/wp-content\/uploads\/2022\/03\/Logo-Manna-Automacao-Marca-Dagua-1.png","width":2451,"height":1418,"caption":"Mann\u00e1 Sistemas"},"image":{"@id":"https:\/\/mannatech.com.br\/#\/schema\/logo\/image\/"}}]}},"_links":{"self":[{"href":"https:\/\/mannatech.com.br\/index.php\/wp-json\/wp\/v2\/pages\/10286"}],"collection":[{"href":"https:\/\/mannatech.com.br\/index.php\/wp-json\/wp\/v2\/pages"}],"about":[{"href":"https:\/\/mannatech.com.br\/index.php\/wp-json\/wp\/v2\/types\/page"}],"author":[{"embeddable":true,"href":"https:\/\/mannatech.com.br\/index.php\/wp-json\/wp\/v2\/users\/1"}],"replies":[{"embeddable":true,"href":"https:\/\/mannatech.com.br\/index.php\/wp-json\/wp\/v2\/comments?post=10286"}],"version-history":[{"count":47,"href":"https:\/\/mannatech.com.br\/index.php\/wp-json\/wp\/v2\/pages\/10286\/revisions"}],"predecessor-version":[{"id":10456,"href":"https:\/\/mannatech.com.br\/index.php\/wp-json\/wp\/v2\/pages\/10286\/revisions\/10456"}],"wp:attachment":[{"href":"https:\/\/mannatech.com.br\/index.php\/wp-json\/wp\/v2\/media?parent=10286"}],"curies":[{"name":"wp","href":"https:\/\/api.w.org\/{rel}","templated":true}]}}